{"id":129,"date":"2025-03-31T09:32:06","date_gmt":"2025-03-31T09:32:06","guid":{"rendered":"https:\/\/dicato-m.digitalvision.lu\/presentation\/"},"modified":"2026-04-14T13:08:23","modified_gmt":"2026-04-14T13:08:23","slug":"presentation","status":"publish","type":"page","link":"https:\/\/dicato-m.digitalvision.lu\/de\/presentation\/","title":{"rendered":"Pr\u00e9sentation"},"content":{"rendered":"<p>Cr\u00e9\u00e9e en 1956, la soci\u00e9t\u00e9 A. Di Cato S.\u00e0r.l. s\u2019est impos\u00e9e comme un acteur reconnu parmi les entreprises de construction au Luxembourg. Aujourd\u2019hui, avec sa division sp\u00e9cialis\u00e9e en m\u00e9tallisation Luxembourg, elle propose \u00e9galement des solutions performantes de traitement de surface et de protection des m\u00e9taux.<\/p>\n<p>Afin de r\u00e9pondre \u00e0 des besoins sp\u00e9cifiques en traitement des m\u00e9taux, la soci\u00e9t\u00e9 Di Cato M\u00e9tallisation a \u00e9t\u00e9 cr\u00e9\u00e9e en 2012. Sp\u00e9cialiste de la m\u00e9tallisation Luxembourg, l\u2019entreprise propose des solutions performantes pour la protection anticorrosion et la pr\u00e9paration de surface.<br \/>\nLes prestations incluent notamment le grenaillage, le sablage au quartz ou au corindon, le microbillage, la m\u00e9tallisation \u00e0 la main, ainsi que la peinture et le thermolaquage. Ces techniques permettent d\u2019assurer une excellente adh\u00e9rence des rev\u00eatements et une durabilit\u00e9 optimale des structures m\u00e9talliques.<\/p>\n<p>Gr\u00e2ce \u00e0 des \u00e9quipements modernes et \u00e0 des installations \u00e0 la pointe de la technologie, notamment suite \u00e0 la reconstruction du hall de Mertzig apr\u00e8s 2021, Di Cato M\u00e9tallisation garantit des prestations de haute qualit\u00e9 en m\u00e9tallisation Luxembourg, adapt\u00e9es aux exigences des professionnels.<\/p>\n<p>Forte de plusieurs d\u00e9cennies d\u2019exp\u00e9rience, l\u2019entreprise de m\u00e9tallisation Luxembourg Di Cato accompagne ses clients dans des projets vari\u00e9s, allant de petites pi\u00e8ces m\u00e9talliques \u00e0 des structures industrielles complexes. Gr\u00e2ce \u00e0 un savoir-faire reconnu et \u00e0 des \u00e9quipements modernes, l\u2019entreprise garantit des solutions fiables et durables en mati\u00e8re de traitement de surface.<\/p>\n","protected":false},"excerpt":{"rendered":"<p>Cr\u00e9\u00e9e en 1956, la soci\u00e9t\u00e9 A. Di Cato S.\u00e0r.l. s\u2019est impos\u00e9e comme un acteur reconnu parmi les entreprises de construction au Luxembourg. Aujourd\u2019hui, avec sa division sp\u00e9cialis\u00e9e en m\u00e9tallisation Luxembourg, elle propose \u00e9galement des solutions performantes de traitement de surface et de protection des m\u00e9taux. Afin de r\u00e9pondre \u00e0 des besoins sp\u00e9cifiques en traitement des [&hellip;]<\/p>\n","protected":false},"author":1,"featured_media":0,"parent":0,"menu_order":0,"comment_status":"closed","ping_status":"closed","template":"page-about.php","meta":{"_acf_changed":false,"footnotes":""},"class_list":["post-129","page","type-page","status-publish","hentry"],"acf":[],"yoast_head":"<!-- This site is optimized with the Yoast SEO plugin v27.4 - https:\/\/yoast.com\/product\/yoast-seo-wordpress\/ -->\n<title>M\u00e9tallisation Luxembourg | Di Cato<\/title>\n<meta name=\"description\" content=\"M\u00e9tallisation au Luxembourg : grenaillage, sablage et traitement de surface pour la protection anticorrosion des m\u00e9taux.\" \/>\n<meta name=\"robots\" content=\"index, follow, max-snippet:-1, max-image-preview:large, max-video-preview:-1\" \/>\n<link rel=\"canonical\" href=\"https:\/\/dicato-m.digitalvision.lu\/de\/presentation\/\" \/>\n<meta property=\"og:locale\" content=\"de_DE\" \/>\n<meta property=\"og:type\" content=\"article\" \/>\n<meta property=\"og:title\" content=\"M\u00e9tallisation Luxembourg | Di Cato\" \/>\n<meta property=\"og:description\" content=\"M\u00e9tallisation au Luxembourg : grenaillage, sablage et traitement de surface pour la protection anticorrosion des m\u00e9taux.\" \/>\n<meta property=\"og:url\" content=\"https:\/\/dicato-m.digitalvision.lu\/de\/presentation\/\" \/>\n<meta property=\"og:site_name\" content=\"dicatos\" \/>\n<meta property=\"article:modified_time\" content=\"2026-04-14T13:08:23+00:00\" \/>\n<meta name=\"twitter:card\" content=\"summary_large_image\" \/>\n<meta name=\"twitter:label1\" content=\"Gesch\u00e4tzte Lesezeit\" \/>\n\t<meta name=\"twitter:data1\" content=\"2\u00a0Minuten\" \/>\n<script type=\"application\/ld+json\" class=\"yoast-schema-graph\">{\"@context\":\"https:\\\/\\\/schema.org\",\"@graph\":[{\"@type\":\"WebPage\",\"@id\":\"https:\\\/\\\/dicato-m.digitalvision.lu\\\/de\\\/presentation\\\/\",\"url\":\"https:\\\/\\\/dicato-m.digitalvision.lu\\\/de\\\/presentation\\\/\",\"name\":\"M\u00e9tallisation Luxembourg | Di Cato\",\"isPartOf\":{\"@id\":\"https:\\\/\\\/dicato-m.digitalvision.lu\\\/#website\"},\"datePublished\":\"2025-03-31T09:32:06+00:00\",\"dateModified\":\"2026-04-14T13:08:23+00:00\",\"description\":\"M\u00e9tallisation au Luxembourg : grenaillage, sablage et traitement de surface pour la protection anticorrosion des m\u00e9taux.\",\"breadcrumb\":{\"@id\":\"https:\\\/\\\/dicato-m.digitalvision.lu\\\/de\\\/presentation\\\/#breadcrumb\"},\"inLanguage\":\"de\",\"potentialAction\":[{\"@type\":\"ReadAction\",\"target\":[\"https:\\\/\\\/dicato-m.digitalvision.lu\\\/de\\\/presentation\\\/\"]}]},{\"@type\":\"BreadcrumbList\",\"@id\":\"https:\\\/\\\/dicato-m.digitalvision.lu\\\/de\\\/presentation\\\/#breadcrumb\",\"itemListElement\":[{\"@type\":\"ListItem\",\"position\":1,\"name\":\"Home\",\"item\":\"https:\\\/\\\/dicato-m.digitalvision.lu\\\/\"},{\"@type\":\"ListItem\",\"position\":2,\"name\":\"Pr\u00e9sentation\"}]},{\"@type\":\"WebSite\",\"@id\":\"https:\\\/\\\/dicato-m.digitalvision.lu\\\/#website\",\"url\":\"https:\\\/\\\/dicato-m.digitalvision.lu\\\/\",\"name\":\"dicatos\",\"description\":\"\",\"potentialAction\":[{\"@type\":\"SearchAction\",\"target\":{\"@type\":\"EntryPoint\",\"urlTemplate\":\"https:\\\/\\\/dicato-m.digitalvision.lu\\\/?s={search_term_string}\"},\"query-input\":{\"@type\":\"PropertyValueSpecification\",\"valueRequired\":true,\"valueName\":\"search_term_string\"}}],\"inLanguage\":\"de\"}]}<\/script>\n<!-- \/ Yoast SEO plugin. -->","yoast_head_json":{"title":"M\u00e9tallisation Luxembourg | Di Cato","description":"M\u00e9tallisation au Luxembourg : grenaillage, sablage et traitement de surface pour la protection anticorrosion des m\u00e9taux.","robots":{"index":"index","follow":"follow","max-snippet":"max-snippet:-1","max-image-preview":"max-image-preview:large","max-video-preview":"max-video-preview:-1"},"canonical":"https:\/\/dicato-m.digitalvision.lu\/de\/presentation\/","og_locale":"de_DE","og_type":"article","og_title":"M\u00e9tallisation Luxembourg | Di Cato","og_description":"M\u00e9tallisation au Luxembourg : grenaillage, sablage et traitement de surface pour la protection anticorrosion des m\u00e9taux.","og_url":"https:\/\/dicato-m.digitalvision.lu\/de\/presentation\/","og_site_name":"dicatos","article_modified_time":"2026-04-14T13:08:23+00:00","twitter_card":"summary_large_image","twitter_misc":{"Gesch\u00e4tzte Lesezeit":"2\u00a0Minuten"},"schema":{"@context":"https:\/\/schema.org","@graph":[{"@type":"WebPage","@id":"https:\/\/dicato-m.digitalvision.lu\/de\/presentation\/","url":"https:\/\/dicato-m.digitalvision.lu\/de\/presentation\/","name":"M\u00e9tallisation Luxembourg | Di Cato","isPartOf":{"@id":"https:\/\/dicato-m.digitalvision.lu\/#website"},"datePublished":"2025-03-31T09:32:06+00:00","dateModified":"2026-04-14T13:08:23+00:00","description":"M\u00e9tallisation au Luxembourg : grenaillage, sablage et traitement de surface pour la protection anticorrosion des m\u00e9taux.","breadcrumb":{"@id":"https:\/\/dicato-m.digitalvision.lu\/de\/presentation\/#breadcrumb"},"inLanguage":"de","potentialAction":[{"@type":"ReadAction","target":["https:\/\/dicato-m.digitalvision.lu\/de\/presentation\/"]}]},{"@type":"BreadcrumbList","@id":"https:\/\/dicato-m.digitalvision.lu\/de\/presentation\/#breadcrumb","itemListElement":[{"@type":"ListItem","position":1,"name":"Home","item":"https:\/\/dicato-m.digitalvision.lu\/"},{"@type":"ListItem","position":2,"name":"Pr\u00e9sentation"}]},{"@type":"WebSite","@id":"https:\/\/dicato-m.digitalvision.lu\/#website","url":"https:\/\/dicato-m.digitalvision.lu\/","name":"dicatos","description":"","potentialAction":[{"@type":"SearchAction","target":{"@type":"EntryPoint","urlTemplate":"https:\/\/dicato-m.digitalvision.lu\/?s={search_term_string}"},"query-input":{"@type":"PropertyValueSpecification","valueRequired":true,"valueName":"search_term_string"}}],"inLanguage":"de"}]}},"_links":{"self":[{"href":"https:\/\/dicato-m.digitalvision.lu\/de\/wp-json\/wp\/v2\/pages\/129","targetHints":{"allow":["GET"]}}],"collection":[{"href":"https:\/\/dicato-m.digitalvision.lu\/de\/wp-json\/wp\/v2\/pages"}],"about":[{"href":"https:\/\/dicato-m.digitalvision.lu\/de\/wp-json\/wp\/v2\/types\/page"}],"author":[{"embeddable":true,"href":"https:\/\/dicato-m.digitalvision.lu\/de\/wp-json\/wp\/v2\/users\/1"}],"replies":[{"embeddable":true,"href":"https:\/\/dicato-m.digitalvision.lu\/de\/wp-json\/wp\/v2\/comments?post=129"}],"version-history":[{"count":5,"href":"https:\/\/dicato-m.digitalvision.lu\/de\/wp-json\/wp\/v2\/pages\/129\/revisions"}],"predecessor-version":[{"id":161,"href":"https:\/\/dicato-m.digitalvision.lu\/de\/wp-json\/wp\/v2\/pages\/129\/revisions\/161"}],"wp:attachment":[{"href":"https:\/\/dicato-m.digitalvision.lu\/de\/wp-json\/wp\/v2\/media?parent=129"}],"curies":[{"name":"wp","href":"https:\/\/api.w.org\/{rel}","templated":true}]}}